{"id":1357,"date":"2023-08-30T12:55:10","date_gmt":"2023-08-30T09:55:10","guid":{"rendered":"https:\/\/goodauto.md\/?page_id=1357"},"modified":"2023-10-29T20:05:40","modified_gmt":"2023-10-29T17:05:40","slug":"despre-noi","status":"publish","type":"page","link":"https:\/\/goodauto.md\/ro\/despre-noi\/","title":{"rendered":"Despre noi"},"content":{"rendered":"<div class=\"wpb-content-wrapper\"><p>[vc_row][vc_column][vc_empty_space height=&#8221;0.65em&#8221;]<div id=\"sc_services_1181515952_wrap\" class=\"sc_services_wrap\"><div id=\"sc_services_1181515952\" class=\"sc_services sc_services_style_services-1 sc_services_type_icons arrows_between_columns  margin_top_huge margin_bottom_medium\" style=\"width:100%;\"><h2 class=\"sc_services_title sc_item_title sc_item_title_without_descr\">Cum s\u0103 \u00eenchiriez o ma\u0219in\u0103?<\/h2><div class=\"sc_columns columns_wrap\"><div class=\"column-1_3 column_padding_bottom\">\t\t\t<div id=\"sc_services_1181515952_1\"\t\t\t\tclass=\"sc_services_item sc_services_item_1 odd first\"\n\t\t\t\t>\n\t\t\t\t<a href=\"https:\/\/goodauto.md\/ro\/services\/alege-o-masina\/\"><span class=\"sc_icon icon-icon8\"><\/span><\/a>\t\t\t\t<div class=\"sc_services_item_content\">\n\t\t\t\t\t<h4 class=\"sc_services_item_title\"><a href=\"https:\/\/goodauto.md\/ro\/services\/alege-o-masina\/\">Alege o ma\u0219in\u0103<\/a><\/h4>\n\t\t\t\t\t<div class=\"sc_services_item_description\">\n\t\t\t\t\t\t<p>Inchirieri auto de la 1 zi. \u00cenregistrare \u00een 15 minute<\/p>\t\t\t\t\t<\/div>\n\t\t\t\t<\/div>\n\t\t\t<\/div>\n\t\t<\/div><div class=\"column-1_3 column_padding_bottom\">\t\t\t<div id=\"sc_services_1181515952_2\"\t\t\t\tclass=\"sc_services_item sc_services_item_2 even\"\n\t\t\t\t>\n\t\t\t\t<a href=\"https:\/\/goodauto.md\/ro\/services\/rezerva-online\/\"><span class=\"sc_icon icon-icon10\"><\/span><\/a>\t\t\t\t<div class=\"sc_services_item_content\">\n\t\t\t\t\t<h4 class=\"sc_services_item_title\"><a href=\"https:\/\/goodauto.md\/ro\/services\/rezerva-online\/\">Rezerv\u0103 online<\/a><\/h4>\n\t\t\t\t\t<div class=\"sc_services_item_description\">\n\t\t\t\t\t\t<p>Pute\u021bi rezerva o ma\u0219in\u0103 pe site sau sun\u00e2nd la operator<\/p>\t\t\t\t\t<\/div>\n\t\t\t\t<\/div>\n\t\t\t<\/div>\n\t\t<\/div><div class=\"column-1_3 column_padding_bottom\">\t\t\t<div id=\"sc_services_1181515952_3\"\t\t\t\tclass=\"sc_services_item sc_services_item_3 odd\"\n\t\t\t\t>\n\t\t\t\t<a href=\"https:\/\/goodauto.md\/ro\/services\/bucura-te\/\"><span class=\"sc_icon icon-icon9\"><\/span><\/a>\t\t\t\t<div class=\"sc_services_item_content\">\n\t\t\t\t\t<h4 class=\"sc_services_item_title\"><a href=\"https:\/\/goodauto.md\/ro\/services\/bucura-te\/\">Bucur\u0103-te<\/a><\/h4>\n\t\t\t\t\t<div class=\"sc_services_item_description\">\n\t\t\t\t\t\t<p>O ma\u0219in\u0103 curat\u0103 \u0219i alimentat\u0103 va fi \u00een parcare la ora stabilit\u0103<\/p>\t\t\t\t\t<\/div>\n\t\t\t\t<\/div>\n\t\t\t<\/div>\n\t\t<\/div><\/div><\/div><!-- \/.sc_services --><\/div><!-- \/.sc_services_wrap -->[vc_empty_space height=&#8221;0.8em&#8221;][\/vc_column][\/vc_row][vc_row][vc_column][vc_column_text]<\/p>\n<div class=\"mt-4 col-12 col-md-11 offset-1\">\n<h2 class=\"mbr-section-title mbr-fonts-style mbr-bold align-left display-5\">Documentele necesare pentru \u00eenchirierea unei ma\u0219ini<\/h2>\n<div><\/div>\n<div>\n<p>1) Permis de conducere categoria B ( experien\u021b\u0103 de conducere minim 2 ani);<br \/>\n2) pa\u0219aport sau buletin de identitate.<br \/>\nP.S. De asemenea pute\u021bi folosi pentru \u00eenchiriere permisul de conducere interna\u021bional ( \u021b\u0103rile CSI, UE, SUA etc)<\/p>\n<p>Locatorul este obligat:<\/p>\n<p>1. S\u0103 predea ma\u0219ina \u00een Balti \u00een stare tehnic\u0103 bun\u0103 \u00een locul \u0219i timpul stabilit;<br \/>\n2. Acord\u0103 dreptul de a testa ma\u0219ina;<br \/>\n3. Furnizeaz\u0103 clientului toate documentele necesare pentru \u00eenchirierea de ma\u0219ini: pa\u0219aportul tehnic, asigurarea etc;<br \/>\n4. Verific\u0103 documentele primite de la client \u00een momentul semn\u0103rii contractului;<br \/>\n5. Pred\u0103 chiria\u0219ului o ma\u0219in\u0103 curat\u0103;<br \/>\n6. Furnizeaz\u0103 ma\u0219ina cu anvelope sezoniere;<br \/>\n7. Furnizeaz\u0103 informa\u021bii Poli\u021biei Rutiere dac\u0103 \u00een timpul contractului de \u00eenchiriere chiria\u0219ul a primit amend\u0103.<\/p>\n<p>Locatarul este obligat:<\/p>\n<p>1. S\u0103 respcte regulile de circula\u021bie ale Republicii Moldova;<br \/>\n2. S\u0103 utilizeze ma\u0219ina exclusiv pentru scopul propus, \u00een conformitate cu specifica\u021biile tehnice;<br \/>\n3. S\u0103 aib\u0103 grij\u0103 de ma\u0219ina \u00eenchiriat\u0103, \u0219i s\u0103 o re\u00eentoarc\u0103 \u00een aceea\u0219i stare \u00een care era;<br \/>\n4. S\u0103 men\u021bin\u0103 ma\u0219ina \u00eentr-o stare tehnic\u0103 perfect\u0103;<br \/>\n5. S\u0103 conduc\u0103 ma\u0219ina personal \u00een limitele regiunii specificate \u00een contract;<br \/>\n6. S\u0103 lase ma\u0219ina \u00eentr-un loc sigur (parcare p\u0103zit\u0103) ;<br \/>\n7. S\u0103 nu transporte articole \u0219i obiecte care dep\u0103\u0219esc greutatea maxim\u0103 permis\u0103;<br \/>\n8. S\u0103 nu conduc\u0103 ma\u0219ina \u00een timp ce se afl\u0103 sub influen\u021ba drogurilor, a alcoolului sau a altor substan\u021belor toxice;<br \/>\n9. S\u0103 returneze ma\u0219ina \u00een stare tehnic\u0103 bun\u0103 ;<br \/>\n10. S\u0103 pl\u0103teasc\u0103 costul pentru: bunurile pierdute, restaurarea documentelor, alte daune precum \u0219i profiturile pierdute pentru fiecare zi \u00een care ma\u0219ina este inactiv\u0103.<\/p>\n<\/div>\n<\/div>\n<p>[\/vc_column_text][vc_empty_space height=&#8221;0.55em&#8221; css=&#8221;.vc_custom_1693370428641{padding-top: 20px !important;}&#8221;][\/vc_column][\/vc_row][vc_row full_width=&#8221;stretch_row_content_no_spaces&#8221; css=&#8221;.vc_custom_1472739625526{background-color: #f2f2f2 !important;}&#8221;][vc_column width=&#8221;1\/2&#8243;]<div class=\"columns_wrap sc_columns columns_fluid sc_columns_count_6\"><div class=\"column-2_6 sc_column_item sc_column_item_1 odd first span_2\"><\/div><div class=\"column-3_6 sc_column_item sc_column_item_3 odd span_3 after_span_2\"><div class=\"sc_section margin_top_null margin_right_null margin_bottom_null margin_left_null\"><div class=\"sc_section_inner\"><div class=\"sc_section_content_wrap\">[vc_empty_space height=&#8221;3.6em&#8221;]<h2 class=\"sc_title sc_title_regular margin_top_large margin_bottom_null\">Scrie\u021bi-ne<\/p>\n<div class=\"top_panel_top_contact_area\"><span class=\"contact_phone icon-phone-1\"> <a href=\"tel:+373 790 23 499\">+373 790 23 499<\/a> <\/span><\/div>\n<p><\/h2>[vc_empty_space height=&#8221;2.7em&#8221;][vc_column_text]\n<div class=\"wpcf7 no-js\" id=\"wpcf7-f1000-o1\" lang=\"en-US\" dir=\"ltr\" data-wpcf7-id=\"1000\">\n<div class=\"screen-reader-response\"><p role=\"status\" aria-live=\"polite\" aria-atomic=\"true\"><\/p> <ul><\/ul><\/div>\n<form action=\"\/ro\/wp-json\/wp\/v2\/pages\/1357#wpcf7-f1000-o1\" method=\"post\" class=\"wpcf7-form init\" aria-label=\"Contact form\" novalidate=\"novalidate\" data-status=\"init\">\n<fieldset class=\"hidden-fields-container\"><input type=\"hidden\" name=\"_wpcf7\" value=\"1000\" \/><input type=\"hidden\" name=\"_wpcf7_version\" value=\"6.1.3\" \/><input type=\"hidden\" name=\"_wpcf7_locale\" value=\"en_US\" \/><input type=\"hidden\" name=\"_wpcf7_unit_tag\" value=\"wpcf7-f1000-o1\" \/><input type=\"hidden\" name=\"_wpcf7_container_post\" value=\"0\" \/><input type=\"hidden\" name=\"_wpcf7_posted_data_hash\" value=\"\" \/><input type=\"hidden\" name=\"_wpcf7_recaptcha_response\" value=\"\" \/>\n<\/fieldset>\n<div class=\"columns_wrap\">\n\t<div class=\"column-1_2\">\n\t\t<p><span class=\"wpcf7-form-control-wrap\" data-name=\"your-name\"><input size=\"40\" maxlength=\"400\" class=\"wpcf7-form-control wpcf7-text wpcf7-validates-as-required\" aria-required=\"true\" aria-invalid=\"false\" placeholder=\"Name\" value=\"\" type=\"text\" name=\"your-name\" \/><\/span>\n\t\t<\/p>\n\t<\/div>\n\t<div class=\"column-1_2\">\n\t\t<p><span class=\"wpcf7-form-control-wrap\" data-name=\"your-email\"><input size=\"40\" maxlength=\"400\" class=\"wpcf7-form-control wpcf7-email wpcf7-validates-as-required wpcf7-text wpcf7-validates-as-email\" aria-required=\"true\" aria-invalid=\"false\" placeholder=\"E-mail\" value=\"\" type=\"email\" name=\"your-email\" \/><\/span>\n\t\t<\/p>\n\t<\/div>\n<\/div>\n<div class=\"columns_wrap\">\n\t<div class=\"column-1_1\">\n\t\t<p><span class=\"wpcf7-form-control-wrap\" data-name=\"textarea-message\"><textarea cols=\"40\" rows=\"10\" maxlength=\"2000\" class=\"wpcf7-form-control wpcf7-textarea wpcf7-validates-as-required\" aria-required=\"true\" aria-invalid=\"false\" placeholder=\"Phone &amp; Message\" name=\"textarea-message\"><\/textarea><\/span>\n\t\t<\/p>\n\t<\/div>\n<\/div>\n<div class=\"columns_wrap sc_align_right\">\n\t<div class=\"column-1_1\">\n\t\t<p><input class=\"wpcf7-form-control wpcf7-submit has-spinner\" type=\"submit\" value=\"\u041e\u0442\u043f\u0440\u0430\u0432\u0438\u0442\u044c\" \/>\n\t\t<\/p>\n\t<\/div>\n<\/div><div class=\"wpcf7-response-output\" aria-hidden=\"true\"><\/div>\n<\/form>\n<\/div>\n[\/vc_column_text][vc_empty_space height=&#8221;1.2em&#8221;]<\/div><\/div><\/div><\/div><div class=\"column-1_6 sc_column_item sc_column_item_6 even after_span_3\"><\/div><\/div>[\/vc_column][vc_column width=&#8221;1\/2&#8243;][vc_gmaps link=&#8221;#E-8_JTNDaWZyYW1lJTIwc3JjJTNEJTIyaHR0cHMlM0ElMkYlMkZ3d3cuZ29vZ2xlLmNvbSUyRm1hcHMlMkZlbWJlZCUzRnBiJTNEJTIxMW0xOCUyMTFtMTIlMjExbTMlMjExZDI2ODEuMTg5MTU1MTkxMjI1JTIxMmQyNy44OTQyNzIwNzY0MDI3MDQlMjEzZDQ3Ljc3Nzc4MDA3MTIwNjAyNCUyMTJtMyUyMTFmMCUyMTJmMCUyMTNmMCUyMTNtMiUyMTFpMTAyNCUyMTJpNzY4JTIxNGYxMy4xJTIxM20zJTIxMW0yJTIxMXMweDQwY2I2N2QyM2Q0NzUyZjUlMjUzQTB4OTdkMjA5NWFjNzFmZjViOSUyMTJzUHJvY2F0QXV0b05vcmQlMjE1ZTAlMjEzbTIlMjExc3J1JTIxMnMlMjE0djE2OTMzMDQ3NjEzMTQlMjE1bTIlMjExc3J1JTIxMnMlMjIlMjB3aWR0aCUzRCUyMjYwMCUyMiUyMGhlaWdodCUzRCUyMjQ1MCUyMiUyMHN0eWxlJTNEJTIyYm9yZGVyJTNBMCUzQiUyMiUyMGFsbG93ZnVsbHNjcmVlbiUzRCUyMiUyMiUyMGxvYWRpbmclM0QlMjJsYXp5JTIyJTIwcmVmZXJyZXJwb2xpY3klM0QlMjJuby1yZWZlcnJlci13aGVuLWRvd25ncmFkZSUyMiUzRSUzQyUyRmlmcmFtZSUzRQ==&#8221; size=&#8221;&#8221;][\/vc_column][\/vc_row]<\/p>\n<\/div>","protected":false},"excerpt":{"rendered":"<p>[vc_row][vc_column][vc_empty_space height=&#8221;0.65em&#8221;][vc_empty_space height=&#8221;0.8em&#8221;][\/vc_column][\/vc_row][vc_row][vc_column][vc_column_text] Documentele necesare pentru \u00eenchirierea unei ma\u0219ini 1) Permis de conducere categoria B ( experien\u021b\u0103 de conducere minim 2 ani); 2) pa\u0219aport sau buletin de identitate. P.S. De asemenea pute\u021bi folosi pentru \u00eenchiriere permisul de conducere interna\u021bional ( \u021b\u0103rile CSI, UE, SUA etc) Locatorul este obligat: 1. S\u0103 predea ma\u0219ina \u00een Balti \u00een [&hellip;]<\/p>\n","protected":false},"author":1,"featured_media":0,"parent":0,"menu_order":0,"comment_status":"closed","ping_status":"closed","template":"","meta":{"footnotes":""},"class_list":["post-1357","page","type-page","status-publish","hentry"],"aioseo_notices":[],"_links":{"self":[{"href":"https:\/\/goodauto.md\/ro\/wp-json\/wp\/v2\/pages\/1357","targetHints":{"allow":["GET"]}}],"collection":[{"href":"https:\/\/goodauto.md\/ro\/wp-json\/wp\/v2\/pages"}],"about":[{"href":"https:\/\/goodauto.md\/ro\/wp-json\/wp\/v2\/types\/page"}],"author":[{"embeddable":true,"href":"https:\/\/goodauto.md\/ro\/wp-json\/wp\/v2\/users\/1"}],"replies":[{"embeddable":true,"href":"https:\/\/goodauto.md\/ro\/wp-json\/wp\/v2\/comments?post=1357"}],"version-history":[{"count":3,"href":"https:\/\/goodauto.md\/ro\/wp-json\/wp\/v2\/pages\/1357\/revisions"}],"predecessor-version":[{"id":1517,"href":"https:\/\/goodauto.md\/ro\/wp-json\/wp\/v2\/pages\/1357\/revisions\/1517"}],"wp:attachment":[{"href":"https:\/\/goodauto.md\/ro\/wp-json\/wp\/v2\/media?parent=1357"}],"curies":[{"name":"wp","href":"https:\/\/api.w.org\/{rel}","templated":true}]}}